{"id":239,"date":"2021-01-12T17:13:18","date_gmt":"2021-01-12T17:13:18","guid":{"rendered":"http:\/\/groupescolairelarganier.com\/?page_id=239"},"modified":"2021-01-12T19:21:30","modified_gmt":"2021-01-12T19:21:30","slug":"sinscrire","status":"publish","type":"page","link":"https:\/\/groupescolairelarganier.com\/index.php\/sinscrire\/","title":{"rendered":"s&rsquo;inscrire"},"content":{"rendered":"<p>[et_pb_section fb_built=\u00a0\u00bb1&Prime; admin_label=\u00a0\u00bbHero\u00a0\u00bb _builder_version=\u00a0\u00bb4.5.7&Prime; background_size=\u00a0\u00bbinitial\u00a0\u00bb custom_padding=\u00a0\u00bb98px||98px||true|false\u00a0\u00bb hover_enabled=\u00a0\u00bb0&Prime; background_enable_image=\u00a0\u00bboff\u00a0\u00bb][et_pb_row column_structure=\u00a0\u00bb1_2,1_2&Prime; admin_label=\u00a0\u00bbTitle and Contact\u00a0\u00bb _builder_version=\u00a0\u00bb4.5.7&Prime; hover_enabled=\u00a0\u00bb0&Prime; custom_margin=\u00a0\u00bb|auto||207px||\u00a0\u00bb][et_pb_column type=\u00a0\u00bb1_2&Prime; admin_label=\u00a0\u00bbTitle\u00a0\u00bb _builder_version=\u00a0\u00bb4.3.2&Prime; hover_enabled=\u00a0\u00bb0&Prime;][et_pb_text _builder_version=\u00a0\u00bb4.3.2&Prime; text_font=\u00a0\u00bbPT Sans||||||||\u00a0\u00bb text_font_size=\u00a0\u00bb16px\u00a0\u00bb text_line_height=\u00a0\u00bb1.8em\u00a0\u00bb header_font=\u00a0\u00bbPlayfair Display|700|||||||\u00a0\u00bb header_font_size=\u00a0\u00bb60px\u00a0\u00bb header_line_height=\u00a0\u00bb1.1em\u00a0\u00bb header_font_size_tablet=\u00a0\u00bb40px\u00a0\u00bb header_font_size_phone=\u00a0\u00bb30px\u00a0\u00bb header_font_size_last_edited=\u00a0\u00bbon|phone\u00a0\u00bb locked=\u00a0\u00bboff\u00a0\u00bb custom_padding=\u00a0\u00bb44px|||||\u00a0\u00bb custom_margin=\u00a0\u00bb-10px||-5px|||\u00a0\u00bb]<\/p>\n<h1>S&rsquo;inscrire<\/h1>\n<p>&nbsp;<\/p>\n<p>[\/et_pb_text][et_pb_text _builder_version=\u00a0\u00bb4.5.7&Prime; _module_preset=\u00a0\u00bbdefault\u00a0\u00bb text_font=\u00a0\u00bbPT Sans||||||||\u00a0\u00bb header_3_font=\u00a0\u00bbMontserrat||||||||\u00a0\u00bb header_3_text_color=\u00a0\u00bb#7cda24&Prime; header_3_font_size=\u00a0\u00bb24px\u00a0\u00bb header_3_letter_spacing=\u00a0\u00bb3px\u00a0\u00bb hover_enabled=\u00a0\u00bb0&Prime;]<\/p>\n<h3><span style=\"text-decoration: underline;\">Etape 1<\/span><\/h3>\n<p>Prendre contact avec le secr\u00e9tariat de l\u2019\u00e9tablissement afin de d\u00e9poser un dossier de pr\u00e9inscription, compos\u00e9 d\u2019un formulaire d\u2019inscription compl\u00e9t\u00e9. Cette \u00e9tape peut \u00eatre<span class=\"Apple-converted-space\">\u00a0 <\/span>r\u00e9alis\u00e9e via notre <b>site Web<\/b>.<span class=\"Apple-converted-space\">\u00a0<\/span><\/p>\n<h3><span style=\"text-decoration: underline;\">Etape 2<\/span><\/h3>\n<p>L\u2019apprenant<span class=\"Apple-converted-space\">\u00a0 <\/span>passera ensuite un test d\u2019admission propre \u00e0 chaque niveau.<\/p>\n<p><span><b>Dates des tests\u00a0:<\/b><\/span><span class=\"Apple-converted-space\">\u00a0<br \/><\/span><span style=\"font-size: 14px;\">En fonction de la disponibilit\u00e9 des places, la direction d\u00e9cide annuellement des classes ouvertes aux nouvelles inscriptions ainsi que de la date du test.<\/span>\u00a0<\/p>\n<p><span><b>Mati\u00e8res<span class=\"Apple-converted-space\">\u00a0 <\/span>\u00e0 tester<span class=\"Apple-converted-space\">\u00a0 \u00a0<\/span><\/b><\/span><\/p>\n<ul>\n<li>1<span><sup>\u00e8re<\/sup><\/span> &#8211; 2<span><sup>\u00e8me<\/sup><\/span> Ann\u00e9e Coll\u00e8ge<span class=\"Apple-tab-span\"> <\/span>: Math\u00e9matiques\/ Arabe \/ Fran\u00e7ais. <span class=\"Apple-converted-space\">\u00a0<\/span><\/li>\n<li>3<span><sup>\u00e8me<\/sup><\/span> Ann\u00e9e Coll\u00e8ge<span class=\"Apple-tab-span\"> <\/span>: Math\u00e9matiques\/Physique\/Arabe\/Fran\u00e7ais.<\/li>\n<li>Tronc Commun\u00a0<span class=\"Apple-tab-span\"> <\/span>: Math\u00e9matiques\/Physique\/Arabe\/Fran\u00e7ais.<\/li>\n<li>1<span><sup>\u00e8re<\/sup><\/span> Bac<span class=\"Apple-converted-space\">\u00a0 <\/span>SE et SM<span class=\"Apple-tab-span\"> <\/span>: Math\u00e9matiques\/Physique\/Arabe\/Fran\u00e7ais.<\/li>\n<li>1<span><sup>\u00e8re<\/sup><\/span> Bac Sc. Eco\u00a0<span class=\"Apple-tab-span\"> <\/span>: Math\u00e9matiques\/Arabe\/Fran\u00e7ais.<\/li>\n<li>2<span><sup>\u00e8me<\/sup><\/span> Bac <span class=\"Apple-converted-space\">\u00a0 <\/span>SE et SM<span class=\"Apple-tab-span\"> <\/span>: Math\u00e9matiques\/Physiques.<\/li>\n<li>2<span><sup>\u00e8me<\/sup><\/span> Bac<span class=\"Apple-converted-space\">\u00a0 <\/span>Sc. Eco\u00a0<span class=\"Apple-tab-span\"> <\/span>: Math\u00e9matiques\/Fran\u00e7ais.<span class=\"Apple-converted-space\">\u00a0<\/span><\/li>\n<\/ul>\n<p>Au vu des r\u00e9sultats obtenus lors du passage du test d\u2019admission et apr\u00e8s <b>entretien<\/b> avec<span class=\"Apple-converted-space\">\u00a0 <\/span>le directeur p\u00e9dagogique. La d\u00e9cision\u00a0d&rsquo;acceptation sera prononc\u00e9e.<br \/><span style=\"font-size: 14px;\">Le directeur de l\u2019\u00e9tablissement s&rsquo;assure<\/span>\u00a0 <span style=\"font-size: 14px;\">alors que le futur apprenant comprend et accepte trois principes fondamentaux :<\/span><\/p>\n<ul>\n<li><span>\u00a0<\/span>Le respect du r\u00e8glement int\u00e9rieur.<\/li>\n<li>Le droit d&rsquo;\u00eatre respect\u00e9 et de d\u00e9noncer toute forme de violence dont il serait victime.<\/li>\n<li>Le devoir d&rsquo;\u00eatre solidaire de tous les camarades qui \u00e9prouvent des difficult\u00e9s.<\/li>\n<\/ul>\n<p>Les parents s&rsquo;engagent alors \u00e0 ne pas remettre en question les sanctions disciplinaires d\u00e9crites<span class=\"Apple-converted-space\">\u00a0 <\/span>dans le r\u00e8glement int\u00e9rieur.<\/p>\n<h3><span style=\"text-decoration: underline;\">Etape 3<\/span><\/h3>\n<p>Apr\u00e8s acceptation, un dossier vous sera remis pour un compl\u00e9ment d\u2019information<span class=\"Apple-converted-space\">\u00a0<\/span>et les documents \u00e0 fournir sont\u00a0:<\/p>\n<p><span>\u25aa<\/span><span>\u00a0 <\/span>Un extrait d\u2019acte de naissance.<br \/><span style=\"font-size: 14px;\">\u25aa<\/span><span style=\"font-size: 14px;\">\u00a0 <\/span><span style=\"font-size: 14px;\">Un certificat de sortie homologu\u00e9.<br \/><\/span><span style=\"font-size: 14px;\">\u25aa<\/span><span style=\"font-size: 14px;\">\u00a0 <\/span><span style=\"font-size: 14px;\">2 Derniers bulletins.<br \/><\/span><span style=\"font-size: 14px;\">\u25aa<\/span><span style=\"font-size: 14px;\">\u00a0 <\/span><span style=\"font-size: 14px;\">4 photos d\u2019identit\u00e9.<br \/><\/span><span style=\"font-size: 14px;\">\u25aa<\/span><span style=\"font-size: 14px;\">\u00a0 <\/span><span style=\"font-size: 14px;\">Dossier d\u2019inscription (\u00e0 remplir).<\/span>\u00a0<br \/><span style=\"font-size: 14px;\">\u25aa<\/span><span style=\"font-size: 14px;\">\u00a0 <\/span><span style=\"font-size: 14px;\">Photocopie de la carte nationale du tuteur.<\/span>\u00a0<br \/><span style=\"font-size: 14px;\">\u25aa<\/span><span style=\"font-size: 14px;\">\u00a0 <\/span><span style=\"font-size: 14px;\">R\u00e8glement int\u00e9rieur sign\u00e9.<\/span><\/p>\n<h3><span style=\"text-decoration: underline;\">Etape 4<\/span><\/h3>\n<p>Pour que l\u2019inscription soit d\u00e9finitive, vous devrez compl\u00e9ter le dossier d\u2019inscription et r\u00e9gler\u00a0les frais d\u2019inscription.<\/p>\n<p>[\/et_pb_text][\/et_pb_column][et_pb_column type=\u00a0\u00bb1_2&Prime; admin_label=\u00a0\u00bbContact Form\u00a0\u00bb _builder_version=\u00a0\u00bb4.3.2&Prime; background_color=\u00a0\u00bb#ffffff\u00a0\u00bb custom_padding=\u00a0\u00bb60px|40px|60px|40px|true|true\u00a0\u00bb custom_padding_tablet=\u00a0\u00bb40px|30px|40px|30px|true|true\u00a0\u00bb custom_padding_phone=\u00a0\u00bb30px|20px|30px|20px|true|true\u00a0\u00bb custom_padding_last_edited=\u00a0\u00bbon|phone\u00a0\u00bb border_radii=\u00a0\u00bbon|20px|20px|20px|20px\u00a0\u00bb box_shadow_style=\u00a0\u00bbpreset1&Prime; box_shadow_blur=\u00a0\u00bb6px\u00a0\u00bb box_shadow_color=\u00a0\u00bbrgba(12,113,195,0.1)\u00a0\u00bb][et_pb_contact_form captcha=\u00a0\u00bboff\u00a0\u00bb title=\u00a0\u00bbremplissez le formulaire pour s&rsquo;inscrire en ligne.\u00a0\u00bb module_id=\u00a0\u00bbet_pb_contact_form_0&Prime; _builder_version=\u00a0\u00bb4.5.7&Prime; form_field_background_color=\u00a0\u00bbrgba(98,116,138,0.08)\u00a0\u00bb form_field_text_color=\u00a0\u00bb#62748a\u00a0\u00bb form_field_focus_background_color=\u00a0\u00bb#ffffff\u00a0\u00bb form_field_focus_text_color=\u00a0\u00bb#2a3749&Prime; form_field_custom_margin=\u00a0\u00bb||30px\u00a0\u00bb title_font=\u00a0\u00bbMontserrat|700||on|||||\u00a0\u00bb title_font_size=\u00a0\u00bb15px\u00a0\u00bb title_letter_spacing=\u00a0\u00bb2px\u00a0\u00bb title_line_height=\u00a0\u00bb1.4em\u00a0\u00bb form_field_font=\u00a0\u00bbPT Sans||||||||\u00a0\u00bb form_field_font_size=\u00a0\u00bb15px\u00a0\u00bb form_field_letter_spacing=\u00a0\u00bb2px\u00a0\u00bb background_enable_color=\u00a0\u00bboff\u00a0\u00bb custom_button=\u00a0\u00bbon\u00a0\u00bb button_text_size=\u00a0\u00bb14px\u00a0\u00bb button_text_color=\u00a0\u00bb#ffffff\u00a0\u00bb button_bg_color=\u00a0\u00bb#9fd865&Prime; button_border_width=\u00a0\u00bb0px\u00a0\u00bb button_border_radius=\u00a0\u00bb100px\u00a0\u00bb button_font=\u00a0\u00bbOverpass|900||on|||||\u00a0\u00bb button_icon=\u00a0\u00bb%%3%%\u00a0\u00bb button_on_hover=\u00a0\u00bboff\u00a0\u00bb button_custom_padding=\u00a0\u00bb15px|50px|15px|50px|true|true\u00a0\u00bb hover_enabled=\u00a0\u00bb0&Prime; border_radii=\u00a0\u00bbon|5px|5px|5px|5px\u00a0\u00bb box_shadow_style_button=\u00a0\u00bbpreset3&Prime; box_shadow_blur_button=\u00a0\u00bb28px\u00a0\u00bb box_shadow_spread_button=\u00a0\u00bb-10px\u00a0\u00bb box_shadow_color_button=\u00a0\u00bbrgba(0,122,255,0.35)\u00a0\u00bb locked=\u00a0\u00bboff\u00a0\u00bb submit_button_text=\u00a0\u00bbENVOYER L&rsquo;INSCRIPTION\u00a0\u00bb button_bg_enable_color=\u00a0\u00bbon\u00a0\u00bb custom_margin=\u00a0\u00bb19px|||||\u00a0\u00bb][et_pb_contact_field field_id=\u00a0\u00bbNom\u00a0\u00bb field_title=\u00a0\u00bbNom\u00a0\u00bb fullwidth_field=\u00a0\u00bbon\u00a0\u00bb _builder_version=\u00a0\u00bb4.5.7&Prime; hover_enabled=\u00a0\u00bb0&Prime; button_text_size__hover_enabled=\u00a0\u00bboff\u00a0\u00bb button_one_text_size__hover_enabled=\u00a0\u00bboff\u00a0\u00bb button_two_text_size__hover_enabled=\u00a0\u00bboff\u00a0\u00bb button_text_color__hover_enabled=\u00a0\u00bboff\u00a0\u00bb button_one_text_color__hover_enabled=\u00a0\u00bboff\u00a0\u00bb button_two_text_color__hover_enabled=\u00a0\u00bboff\u00a0\u00bb button_border_width__hover_enabled=\u00a0\u00bboff\u00a0\u00bb button_one_border_width__hover_enabled=\u00a0\u00bboff\u00a0\u00bb button_two_border_width__hover_enabled=\u00a0\u00bboff\u00a0\u00bb button_border_color__hover_enabled=\u00a0\u00bboff\u00a0\u00bb button_one_border_color__hover_enabled=\u00a0\u00bboff\u00a0\u00bb button_two_border_color__hover_enabled=\u00a0\u00bboff\u00a0\u00bb button_border_radius__hover_enabled=\u00a0\u00bboff\u00a0\u00bb button_one_border_radius__hover_enabled=\u00a0\u00bboff\u00a0\u00bb button_two_border_radius__hover_enabled=\u00a0\u00bboff\u00a0\u00bb button_letter_spacing__hover_enabled=\u00a0\u00bboff\u00a0\u00bb button_one_letter_spacing__hover_enabled=\u00a0\u00bboff\u00a0\u00bb button_two_letter_spacing__hover_enabled=\u00a0\u00bboff\u00a0\u00bb button_bg_color__hover_enabled=\u00a0\u00bboff\u00a0\u00bb button_one_bg_color__hover_enabled=\u00a0\u00bboff\u00a0\u00bb button_two_bg_color__hover_enabled=\u00a0\u00bboff\u00a0\u00bb][\/et_pb_contact_field][et_pb_contact_field field_id=\u00a0\u00bbEmail\u00a0\u00bb field_title=\u00a0\u00bbPr\u00e9nom\u00a0\u00bb field_type=\u00a0\u00bbemail\u00a0\u00bb fullwidth_field=\u00a0\u00bbon\u00a0\u00bb _builder_version=\u00a0\u00bb4.5.7&Prime; hover_enabled=\u00a0\u00bb0&Prime; button_text_size__hover_enabled=\u00a0\u00bboff\u00a0\u00bb button_one_text_size__hover_enabled=\u00a0\u00bboff\u00a0\u00bb button_two_text_size__hover_enabled=\u00a0\u00bboff\u00a0\u00bb button_text_color__hover_enabled=\u00a0\u00bboff\u00a0\u00bb button_one_text_color__hover_enabled=\u00a0\u00bboff\u00a0\u00bb button_two_text_color__hover_enabled=\u00a0\u00bboff\u00a0\u00bb button_border_width__hover_enabled=\u00a0\u00bboff\u00a0\u00bb button_one_border_width__hover_enabled=\u00a0\u00bboff\u00a0\u00bb button_two_border_width__hover_enabled=\u00a0\u00bboff\u00a0\u00bb button_border_color__hover_enabled=\u00a0\u00bboff\u00a0\u00bb button_one_border_color__hover_enabled=\u00a0\u00bboff\u00a0\u00bb button_two_border_color__hover_enabled=\u00a0\u00bboff\u00a0\u00bb button_border_radius__hover_enabled=\u00a0\u00bboff\u00a0\u00bb button_one_border_radius__hover_enabled=\u00a0\u00bboff\u00a0\u00bb button_two_border_radius__hover_enabled=\u00a0\u00bboff\u00a0\u00bb button_letter_spacing__hover_enabled=\u00a0\u00bboff\u00a0\u00bb button_one_letter_spacing__hover_enabled=\u00a0\u00bboff\u00a0\u00bb button_two_letter_spacing__hover_enabled=\u00a0\u00bboff\u00a0\u00bb button_bg_color__hover_enabled=\u00a0\u00bboff\u00a0\u00bb button_one_bg_color__hover_enabled=\u00a0\u00bboff\u00a0\u00bb button_two_bg_color__hover_enabled=\u00a0\u00bboff\u00a0\u00bb][\/et_pb_contact_field][et_pb_contact_field fullwidth_field=\u00a0\u00bbon\u00a0\u00bb _builder_version=\u00a0\u00bb4.5.7&Prime; _module_preset=\u00a0\u00bbdefault\u00a0\u00bb field_title=\u00a0\u00bbAdresse mail\u00a0\u00bb field_id=\u00a0\u00bbmail\u00a0\u00bb hover_enabled=\u00a0\u00bb0&Prime;][\/et_pb_contact_field][et_pb_contact_field fullwidth_field=\u00a0\u00bbon\u00a0\u00bb _builder_version=\u00a0\u00bb4.5.7&Prime; _module_preset=\u00a0\u00bbdefault\u00a0\u00bb field_id=\u00a0\u00bbNum\u00e9ro_de_T\u00e9l\u00e9phone\u00a0\u00bb hover_enabled=\u00a0\u00bb0&Prime; field_title=\u00a0\u00bbNum\u00e9ro de T\u00e9l\u00e9phone\u00a0\u00bb][\/et_pb_contact_field][et_pb_contact_field fullwidth_field=\u00a0\u00bbon\u00a0\u00bb _builder_version=\u00a0\u00bb4.5.7&Prime; _module_preset=\u00a0\u00bbdefault\u00a0\u00bb field_title=\u00a0\u00bbNiveau\u00a0\u00bb hover_enabled=\u00a0\u00bb0&Prime; field_id=\u00a0\u00bbField_5&Prime;][\/et_pb_contact_field][et_pb_contact_field fullwidth_field=\u00a0\u00bbon\u00a0\u00bb _builder_version=\u00a0\u00bb4.5.7&Prime; _module_preset=\u00a0\u00bbdefault\u00a0\u00bb field_title=\u00a0\u00bb\u00c9tablissement \u00a0\u00bb hover_enabled=\u00a0\u00bb0&Prime; field_id=\u00a0\u00bbField_4&Prime; field_type=\u00a0\u00bbselect\u00a0\u00bb select_options=\u00a0\u00bb%91{%22value%22:%22L&rsquo;Aganier Junior%22,%22checked%22:0,%22dragID%22:-1},{%22value%22:%22L&rsquo;Arganier Izdihar%22,%22checked%22:0,%22dragID%22:0},{%22value%22:%22L&rsquo;Arganier Najd%22,%22checked%22:0,%22dragID%22:1}%93&Prime;][\/et_pb_contact_field][et_pb_contact_field fullwidth_field=\u00a0\u00bbon\u00a0\u00bb _builder_version=\u00a0\u00bb4.5.7&Prime; _module_preset=\u00a0\u00bbdefault\u00a0\u00bb field_type=\u00a0\u00bbtext\u00a0\u00bb field_title=\u00a0\u00bbRemarques\/ Message\u00a0\u00bb hover_enabled=\u00a0\u00bb0&Prime; field_id=\u00a0\u00bbField_7&Prime;][\/et_pb_contact_field][\/et_pb_contact_form][\/et_pb_column][\/et_pb_row][\/et_pb_section]<\/p>\n","protected":false},"excerpt":{"rendered":"<p>[et_pb_section fb_built=\u00a0\u00bb1&Prime; admin_label=\u00a0\u00bbHero\u00a0\u00bb _builder_version=\u00a0\u00bb4.5.7&Prime; background_size=\u00a0\u00bbinitial\u00a0\u00bb custom_padding=\u00a0\u00bb98px||98px||true|false\u00a0\u00bb hover_enabled=\u00a0\u00bb0&Prime; background_enable_image=\u00a0\u00bboff\u00a0\u00bb][et_pb_row column_structure=\u00a0\u00bb1_2,1_2&Prime; admin_label=\u00a0\u00bbTitle and Contact\u00a0\u00bb _builder_version=\u00a0\u00bb4.5.7&Prime; hover_enabled=\u00a0\u00bb0&Prime; custom_margin=\u00a0\u00bb|auto||207px||\u00a0\u00bb][et_pb_column type=\u00a0\u00bb1_2&Prime; admin_label=\u00a0\u00bbTitle\u00a0\u00bb _builder_version=\u00a0\u00bb4.3.2&Prime; hover_enabled=\u00a0\u00bb0&Prime;][et_pb_text _builder_version=\u00a0\u00bb4.3.2&Prime; text_font=\u00a0\u00bbPT Sans||||||||\u00a0\u00bb text_font_size=\u00a0\u00bb16px\u00a0\u00bb text_line_height=\u00a0\u00bb1.8em\u00a0\u00bb header_font=\u00a0\u00bbPlayfair Display|700|||||||\u00a0\u00bb header_font_size=\u00a0\u00bb60px\u00a0\u00bb header_line_height=\u00a0\u00bb1.1em\u00a0\u00bb header_font_size_tablet=\u00a0\u00bb40px\u00a0\u00bb header_font_size_phone=\u00a0\u00bb30px\u00a0\u00bb header_font_size_last_edited=\u00a0\u00bbon|phone\u00a0\u00bb locked=\u00a0\u00bboff\u00a0\u00bb custom_padding=\u00a0\u00bb44px|||||\u00a0\u00bb custom_margin=\u00a0\u00bb-10px||-5px|||\u00a0\u00bb] S&rsquo;inscrire &nbsp; [\/et_pb_text][et_pb_text _builder_version=\u00a0\u00bb4.5.7&Prime; _module_preset=\u00a0\u00bbdefault\u00a0\u00bb text_font=\u00a0\u00bbPT Sans||||||||\u00a0\u00bb header_3_font=\u00a0\u00bbMontserrat||||||||\u00a0\u00bb header_3_text_color=\u00a0\u00bb#7cda24&Prime; header_3_font_size=\u00a0\u00bb24px\u00a0\u00bb header_3_letter_spacing=\u00a0\u00bb3px\u00a0\u00bb hover_enabled=\u00a0\u00bb0&Prime;] Etape 1 Prendre contact avec le secr\u00e9tariat de l\u2019\u00e9tablissement [&hellip;]<\/p>\n","protected":false},"author":1,"featured_media":0,"parent":0,"menu_order":0,"comment_status":"closed","ping_status":"closed","template":"","meta":{"_et_pb_use_builder":"on","_et_pb_old_content":"","_et_gb_content_width":"","footnotes":""},"class_list":["post-239","page","type-page","status-publish","hentry"],"yoast_head":"<!-- This site is optimized with the Yoast SEO plugin v14.9 - https:\/\/yoast.com\/wordpress\/plugins\/seo\/ -->\n<title>s&#039;inscrire - Groupe scolaire l&#039;arganier Marrakech<\/title>\n<meta name=\"robots\" content=\"index, follow, max-snippet:-1, max-image-preview:large, max-video-preview:-1\" \/>\n<link rel=\"canonical\" href=\"http:\/\/groupescolairelarganier.com\/index.php\/sinscrire\/\" \/>\n<meta property=\"og:locale\" content=\"fr_FR\" \/>\n<meta property=\"og:type\" content=\"article\" \/>\n<meta property=\"og:title\" content=\"s&#039;inscrire - Groupe scolaire l&#039;arganier Marrakech\" \/>\n<meta property=\"og:description\" content=\"[et_pb_section fb_built=\u00a0\u00bb1&Prime; admin_label=\u00a0\u00bbHero\u00a0\u00bb _builder_version=\u00a0\u00bb4.5.7&Prime; background_size=\u00a0\u00bbinitial\u00a0\u00bb custom_padding=\u00a0\u00bb98px||98px||true|false\u00a0\u00bb hover_enabled=\u00a0\u00bb0&Prime; background_enable_image=\u00a0\u00bboff\u00a0\u00bb][et_pb_row column_structure=\u00a0\u00bb1_2,1_2&Prime; admin_label=\u00a0\u00bbTitle and Contact\u00a0\u00bb _builder_version=\u00a0\u00bb4.5.7&Prime; hover_enabled=\u00a0\u00bb0&Prime; custom_margin=\u00a0\u00bb|auto||207px||\u00a0\u00bb][et_pb_column type=\u00a0\u00bb1_2&Prime; admin_label=\u00a0\u00bbTitle\u00a0\u00bb _builder_version=\u00a0\u00bb4.3.2&Prime; hover_enabled=\u00a0\u00bb0&Prime;][et_pb_text _builder_version=\u00a0\u00bb4.3.2&Prime; text_font=\u00a0\u00bbPT Sans||||||||\u00a0\u00bb text_font_size=\u00a0\u00bb16px\u00a0\u00bb text_line_height=\u00a0\u00bb1.8em\u00a0\u00bb header_font=\u00a0\u00bbPlayfair Display|700|||||||\u00a0\u00bb header_font_size=\u00a0\u00bb60px\u00a0\u00bb header_line_height=\u00a0\u00bb1.1em\u00a0\u00bb header_font_size_tablet=\u00a0\u00bb40px\u00a0\u00bb header_font_size_phone=\u00a0\u00bb30px\u00a0\u00bb header_font_size_last_edited=\u00a0\u00bbon|phone\u00a0\u00bb locked=\u00a0\u00bboff\u00a0\u00bb custom_padding=\u00a0\u00bb44px|||||\u00a0\u00bb custom_margin=\u00a0\u00bb-10px||-5px|||\u00a0\u00bb] S&rsquo;inscrire &nbsp; [\/et_pb_text][et_pb_text _builder_version=\u00a0\u00bb4.5.7&Prime; _module_preset=\u00a0\u00bbdefault\u00a0\u00bb text_font=\u00a0\u00bbPT Sans||||||||\u00a0\u00bb header_3_font=\u00a0\u00bbMontserrat||||||||\u00a0\u00bb header_3_text_color=\u00a0\u00bb#7cda24&Prime; header_3_font_size=\u00a0\u00bb24px\u00a0\u00bb header_3_letter_spacing=\u00a0\u00bb3px\u00a0\u00bb hover_enabled=\u00a0\u00bb0&Prime;] Etape 1 Prendre contact avec le secr\u00e9tariat de l\u2019\u00e9tablissement [&hellip;]\" \/>\n<meta property=\"og:url\" content=\"http:\/\/groupescolairelarganier.com\/index.php\/sinscrire\/\" \/>\n<meta property=\"og:site_name\" content=\"Groupe scolaire l&#039;arganier Marrakech\" \/>\n<meta property=\"article:modified_time\" content=\"2021-01-12T19:21:30+00:00\" \/>\n<meta name=\"twitter:card\" content=\"summary_large_image\" \/>\n<script type=\"application\/ld+json\" class=\"yoast-schema-graph\">{\"@context\":\"https:\/\/schema.org\",\"@graph\":[{\"@type\":\"WebSite\",\"@id\":\"https:\/\/groupescolairelarganier.com\/#website\",\"url\":\"https:\/\/groupescolairelarganier.com\/\",\"name\":\"Groupe scolaire l&#039;arganier Marrakech\",\"description\":\"Primaire, college et lyc\\u00e9e\",\"potentialAction\":[{\"@type\":\"SearchAction\",\"target\":\"https:\/\/groupescolairelarganier.com\/?s={search_term_string}\",\"query-input\":\"required name=search_term_string\"}],\"inLanguage\":\"fr-FR\"},{\"@type\":\"WebPage\",\"@id\":\"http:\/\/groupescolairelarganier.com\/index.php\/sinscrire\/#webpage\",\"url\":\"http:\/\/groupescolairelarganier.com\/index.php\/sinscrire\/\",\"name\":\"s'inscrire - Groupe scolaire l&#039;arganier Marrakech\",\"isPartOf\":{\"@id\":\"https:\/\/groupescolairelarganier.com\/#website\"},\"datePublished\":\"2021-01-12T17:13:18+00:00\",\"dateModified\":\"2021-01-12T19:21:30+00:00\",\"inLanguage\":\"fr-FR\",\"potentialAction\":[{\"@type\":\"ReadAction\",\"target\":[\"http:\/\/groupescolairelarganier.com\/index.php\/sinscrire\/\"]}]}]}<\/script>\n<!-- \/ Yoast SEO plugin. -->","_links":{"self":[{"href":"https:\/\/groupescolairelarganier.com\/index.php\/wp-json\/wp\/v2\/pages\/239","targetHints":{"allow":["GET"]}}],"collection":[{"href":"https:\/\/groupescolairelarganier.com\/index.php\/wp-json\/wp\/v2\/pages"}],"about":[{"href":"https:\/\/groupescolairelarganier.com\/index.php\/wp-json\/wp\/v2\/types\/page"}],"author":[{"embeddable":true,"href":"https:\/\/groupescolairelarganier.com\/index.php\/wp-json\/wp\/v2\/users\/1"}],"replies":[{"embeddable":true,"href":"https:\/\/groupescolairelarganier.com\/index.php\/wp-json\/wp\/v2\/comments?post=239"}],"version-history":[{"count":7,"href":"https:\/\/groupescolairelarganier.com\/index.php\/wp-json\/wp\/v2\/pages\/239\/revisions"}],"predecessor-version":[{"id":260,"href":"https:\/\/groupescolairelarganier.com\/index.php\/wp-json\/wp\/v2\/pages\/239\/revisions\/260"}],"wp:attachment":[{"href":"https:\/\/groupescolairelarganier.com\/index.php\/wp-json\/wp\/v2\/media?parent=239"}],"curies":[{"name":"wp","href":"https:\/\/api.w.org\/{rel}","templated":true}]}}